{"id":131,"date":"2020-06-11T11:36:55","date_gmt":"2020-06-11T11:36:55","guid":{"rendered":"http:\/\/peterteuschl.at\/?page_id=131"},"modified":"2020-11-12T12:22:42","modified_gmt":"2020-11-12T12:22:42","slug":"konzepte","status":"publish","type":"page","link":"https:\/\/peterteuschl.at\/?page_id=131","title":{"rendered":"KONZEPTE"},"content":{"rendered":"\n<p>Egal um welchen Event es sich handelt, bei mir stehen Simplizit\u00e4t und klare Linien im Vordergrund. Ich erarbeite gerne mit Ihnen gemeinsam das Eventkonzept und stimme die Inhalte auf die Zielgruppe entsprechend ab. Meine Bandbreite reicht von Sportevents f\u00fcr Kinder &amp; Jugendlichen bis hin zur Award Verleihung im festlichen Rahmen \u2013 gerne setze ich alles um!<\/p>\n\n\n\n<p>Bei einem gemeinsamen Termin erstelle ich mit Ihnen eine To Do Liste, sowie Time Table und detaillierte Beschreibung der Schritte, die wann, wie und wo umzusetzen sind. Ebenso \u00fcbernehme ich gerne die Budgetierung und Kostenkalkulation sowie Preispr\u00fcfung mittels Einholung von Kostenvoranschl\u00e4gen. Auch eine Marktanalyse und Abstimmung der Marketingtools kann ich gerne auf Wunsch hinzuf\u00fcgen.<\/p>\n\n\n\n<p class=\"has-text-align-center\">Status Quo<br>Geschichte &amp; Entwicklung<br>Zielsetzung<br>St\u00e4rken &amp; Schw\u00e4chen Analyse<br>M\u00f6glichkeiten &amp; Rahmenbedingungen<br>Konzepterstellung<br>To Do Liste<br>Time Table<br>Marketing Tools<br>Promotions &amp; Schwerpunkte<br>Kostenkalkulation<\/p>\n\n\n\n<p>Ich liebe die Herausforderung, meine St\u00e4rke ist dabei das Vernetzen &amp; Verbinden damit die Zielsetzung des Events entsprechend erreicht wird.<\/p>\n\n\n\n<figure class=\"wp-block-image size-large\"><img loading=\"lazy\" decoding=\"async\" width=\"1024\" height=\"702\" src=\"http:\/\/peterteuschl.at\/wp-content\/uploads\/2020\/06\/road-220058_1280-1024x702.jpg\" alt=\"\" class=\"wp-image-155\" srcset=\"https:\/\/peterteuschl.at\/wp-content\/uploads\/2020\/06\/road-220058_1280-1024x702.jpg 1024w, https:\/\/peterteuschl.at\/wp-content\/uploads\/2020\/06\/road-220058_1280-300x206.jpg 300w, https:\/\/peterteuschl.at\/wp-content\/uploads\/2020\/06\/road-220058_1280-768x527.jpg 768w, https:\/\/peterteuschl.at\/wp-content\/uploads\/2020\/06\/road-220058_1280-1140x782.jpg 1140w, https:\/\/peterteuschl.at\/wp-content\/uploads\/2020\/06\/road-220058_1280.jpg 1280w\" sizes=\"auto, (max-width: 1024px) 100vw, 1024px\" \/><\/figure>\n","protected":false},"excerpt":{"rendered":"<p>Egal um welchen Event es sich handelt, bei mir stehen Simplizit\u00e4t und klare Linien im Vordergrund. Ich erarbeite gerne mit Ihnen gemeinsam das Eventkonzept und stimme die Inhalte auf die Zielgruppe entsprechend ab. Meine Bandbreite reicht von Sportevents f\u00fcr Kinder &amp; Jugendlichen bis hin zur Award Verleihung im festlichen Rahmen \u2013 gerne setze ich alles um! Bei einem gemeinsamen Termin erstelle ich mit Ihnen eine To Do Liste, sowie Time Table und detaillierte Beschreibung der Schritte, die wann, wie und wo umzusetzen sind. Ebenso \u00fcbernehme ich gerne die Budgetierung und Kostenkalkulation sowie Preispr\u00fcfung mittels Einholung von Kostenvoranschl\u00e4gen. Auch eine Marktanalyse und Abstimmung der Marketingtools kann ich gerne auf Wunsch hinzuf\u00fcgen. Status QuoGeschichte &amp; EntwicklungZielsetzungSt\u00e4rken &amp; Schw\u00e4chen AnalyseM\u00f6glichkeiten &amp; RahmenbedingungenKonzepterstellungTo Do ListeTime TableMarketing ToolsPromotions &amp; SchwerpunkteKostenkalkulation Ich liebe die Herausforderung, meine St\u00e4rke ist dabei das Vernetzen &amp; Verbinden damit die Zielsetzung des Events entsprechend erreicht wird.<\/p>\n","protected":false},"author":1,"featured_media":0,"parent":0,"menu_order":0,"comment_status":"closed","ping_status":"closed","template":"","meta":{"footnotes":""},"class_list":["post-131","page","type-page","status-publish","hentry"],"jetpack_sharing_enabled":true,"_links":{"self":[{"href":"https:\/\/peterteuschl.at\/index.php?rest_route=\/wp\/v2\/pages\/131","targetHints":{"allow":["GET"]}}],"collection":[{"href":"https:\/\/peterteuschl.at\/index.php?rest_route=\/wp\/v2\/pages"}],"about":[{"href":"https:\/\/peterteuschl.at\/index.php?rest_route=\/wp\/v2\/types\/page"}],"author":[{"embeddable":true,"href":"https:\/\/peterteuschl.at\/index.php?rest_route=\/wp\/v2\/users\/1"}],"replies":[{"embeddable":true,"href":"https:\/\/peterteuschl.at\/index.php?rest_route=%2Fwp%2Fv2%2Fcomments&post=131"}],"version-history":[{"count":6,"href":"https:\/\/peterteuschl.at\/index.php?rest_route=\/wp\/v2\/pages\/131\/revisions"}],"predecessor-version":[{"id":249,"href":"https:\/\/peterteuschl.at\/index.php?rest_route=\/wp\/v2\/pages\/131\/revisions\/249"}],"wp:attachment":[{"href":"https:\/\/peterteuschl.at\/index.php?rest_route=%2Fwp%2Fv2%2Fmedia&parent=131"}],"curies":[{"name":"wp","href":"https:\/\/api.w.org\/{rel}","templated":true}]}}