{"id":177,"date":"2020-06-16T13:31:40","date_gmt":"2020-06-16T13:31:40","guid":{"rendered":"http:\/\/peterteuschl.at\/?page_id=177"},"modified":"2020-06-16T14:51:32","modified_gmt":"2020-06-16T14:51:32","slug":"koordination-vor-ort","status":"publish","type":"page","link":"https:\/\/peterteuschl.at\/?page_id=177","title":{"rendered":"KOORDINATION VOR ORT"},"content":{"rendered":"\n<p>Gerne \u00fcbernehme ich auch nur die Koordination vor Ort bei einem Ihrer Events. Von der Ablaufplanung, Timetable-Erstellung, Briefing &amp; Einschulung der Mitarbeiter &amp; Promotoren, bis hin zur Ansprechperson vor Ort f\u00fcr alle Lieferanten &amp; Partner, decke ich gerne alles ab. Dabei ist selbstverst\u00e4ndlich auch die Aufbau-\u00dcberwachung, die Event-Abwicklung, Koordination &amp; Logistik sowie und der reibungslose Abbau inkludiert.<\/p>\n\n\n\n<figure class=\"wp-block-image size-large\"><img loading=\"lazy\" decoding=\"async\" width=\"1024\" height=\"774\" src=\"http:\/\/peterteuschl.at\/wp-content\/uploads\/2020\/06\/street-sign-141396_1920-1024x774.jpg\" alt=\"\" class=\"wp-image-159\" srcset=\"https:\/\/peterteuschl.at\/wp-content\/uploads\/2020\/06\/street-sign-141396_1920-1024x774.jpg 1024w, https:\/\/peterteuschl.at\/wp-content\/uploads\/2020\/06\/street-sign-141396_1920-300x227.jpg 300w, https:\/\/peterteuschl.at\/wp-content\/uploads\/2020\/06\/street-sign-141396_1920-768x580.jpg 768w, https:\/\/peterteuschl.at\/wp-content\/uploads\/2020\/06\/street-sign-141396_1920-1536x1161.jpg 1536w, https:\/\/peterteuschl.at\/wp-content\/uploads\/2020\/06\/street-sign-141396_1920-1140x862.jpg 1140w, https:\/\/peterteuschl.at\/wp-content\/uploads\/2020\/06\/street-sign-141396_1920.jpg 1920w\" sizes=\"auto, (max-width: 1024px) 100vw, 1024px\" \/><\/figure>\n","protected":false},"excerpt":{"rendered":"<p>Gerne \u00fcbernehme ich auch nur die Koordination vor Ort bei einem Ihrer Events. Von der Ablaufplanung, Timetable-Erstellung, Briefing &amp; Einschulung der Mitarbeiter &amp; Promotoren, bis hin zur Ansprechperson vor Ort f\u00fcr alle Lieferanten &amp; Partner, decke ich gerne alles ab. Dabei ist selbstverst\u00e4ndlich auch die Aufbau-\u00dcberwachung, die Event-Abwicklung, Koordination &amp; Logistik sowie und der reibungslose Abbau inkludiert.<\/p>\n","protected":false},"author":1,"featured_media":0,"parent":0,"menu_order":0,"comment_status":"closed","ping_status":"closed","template":"","meta":{"footnotes":""},"class_list":["post-177","page","type-page","status-publish","hentry"],"jetpack_sharing_enabled":true,"_links":{"self":[{"href":"https:\/\/peterteuschl.at\/index.php?rest_route=\/wp\/v2\/pages\/177","targetHints":{"allow":["GET"]}}],"collection":[{"href":"https:\/\/peterteuschl.at\/index.php?rest_route=\/wp\/v2\/pages"}],"about":[{"href":"https:\/\/peterteuschl.at\/index.php?rest_route=\/wp\/v2\/types\/page"}],"author":[{"embeddable":true,"href":"https:\/\/peterteuschl.at\/index.php?rest_route=\/wp\/v2\/users\/1"}],"replies":[{"embeddable":true,"href":"https:\/\/peterteuschl.at\/index.php?rest_route=%2Fwp%2Fv2%2Fcomments&post=177"}],"version-history":[{"count":3,"href":"https:\/\/peterteuschl.at\/index.php?rest_route=\/wp\/v2\/pages\/177\/revisions"}],"predecessor-version":[{"id":191,"href":"https:\/\/peterteuschl.at\/index.php?rest_route=\/wp\/v2\/pages\/177\/revisions\/191"}],"wp:attachment":[{"href":"https:\/\/peterteuschl.at\/index.php?rest_route=%2Fwp%2Fv2%2Fmedia&parent=177"}],"curies":[{"name":"wp","href":"https:\/\/api.w.org\/{rel}","templated":true}]}}