{"id":40,"date":"2020-05-19T10:47:47","date_gmt":"2020-05-19T10:47:47","guid":{"rendered":"http:\/\/peterteuschl.at\/?page_id=40"},"modified":"2020-06-16T14:35:32","modified_gmt":"2020-06-16T14:35:32","slug":"start","status":"publish","type":"page","link":"https:\/\/peterteuschl.at\/","title":{"rendered":"IDEE"},"content":{"rendered":"\n<p class=\"has-background has-text-align-center has-very-light-gray-background-color\"><strong>H\u00d6HER &#8211; SCHNELLER &#8211;\u00a0 TOLLER<\/strong><br>Wir befinden uns in einem Wandel der Zeit. Doch wo wollen wir hin und was ist noch zu toppen? Die Menschen werden mit Informationen und Reizen \u00fcberflutet und k\u00f6nnen vieles nicht mehr aufnehmen. F\u00fcr mich ist der Zeitpunkt gekommen Umzudenken. Was sind die wahren Wertigkeiten ? Weniger ist mehr und zur\u00fcck zum Ursprung.<\/p>\n\n\n\n<p class=\"has-background has-text-align-center has-very-light-gray-background-color\"><strong>BACK TO THE ROOTS<\/strong><br>Ist meiner Meinung nach wieder gefragt. Authentizit\u00e4t und klare Inhalte sowie der Mensch stehen f\u00fcr mich dabei im Mittelpunkt. Besinnen wir uns auf die kleinen Dinge im Leben die wirklich Emotionen verursachen und vor allem ein Rahmen in dem man sich wohlf\u00fchlen kann \u2013 relaxen \u2013 erleben \u2013 sp\u00fcren!<\/p>\n\n\n\n<p class=\"has-background has-text-align-center has-very-light-gray-background-color\"><strong>RELAX + LIVE = ENJOY LIFE!<\/strong><\/p>\n","protected":false},"excerpt":{"rendered":"<p>H\u00d6HER &#8211; SCHNELLER &#8211;\u00a0 TOLLERWir befinden uns in einem Wandel der Zeit. Doch wo wollen wir hin und was ist noch zu toppen? Die Menschen werden mit Informationen und Reizen \u00fcberflutet und k\u00f6nnen vieles nicht mehr aufnehmen. F\u00fcr mich ist der Zeitpunkt gekommen Umzudenken. Was sind die wahren Wertigkeiten ? Weniger ist mehr und zur\u00fcck zum Ursprung. BACK TO THE ROOTSIst meiner Meinung nach wieder gefragt. Authentizit\u00e4t und klare Inhalte sowie der Mensch stehen f\u00fcr mich dabei im Mittelpunkt. Besinnen wir uns auf die kleinen Dinge im Leben die wirklich Emotionen verursachen und vor allem ein Rahmen in dem man sich wohlf\u00fchlen kann \u2013 relaxen \u2013 erleben \u2013 sp\u00fcren! RELAX + LIVE = ENJOY LIFE!<\/p>\n","protected":false},"author":1,"featured_media":0,"parent":0,"menu_order":0,"comment_status":"closed","ping_status":"closed","template":"","meta":{"footnotes":""},"class_list":["post-40","page","type-page","status-publish","hentry"],"jetpack_sharing_enabled":true,"_links":{"self":[{"href":"https:\/\/peterteuschl.at\/index.php?rest_route=\/wp\/v2\/pages\/40","targetHints":{"allow":["GET"]}}],"collection":[{"href":"https:\/\/peterteuschl.at\/index.php?rest_route=\/wp\/v2\/pages"}],"about":[{"href":"https:\/\/peterteuschl.at\/index.php?rest_route=\/wp\/v2\/types\/page"}],"author":[{"embeddable":true,"href":"https:\/\/peterteuschl.at\/index.php?rest_route=\/wp\/v2\/users\/1"}],"replies":[{"embeddable":true,"href":"https:\/\/peterteuschl.at\/index.php?rest_route=%2Fwp%2Fv2%2Fcomments&post=40"}],"version-history":[{"count":8,"href":"https:\/\/peterteuschl.at\/index.php?rest_route=\/wp\/v2\/pages\/40\/revisions"}],"predecessor-version":[{"id":186,"href":"https:\/\/peterteuschl.at\/index.php?rest_route=\/wp\/v2\/pages\/40\/revisions\/186"}],"wp:attachment":[{"href":"https:\/\/peterteuschl.at\/index.php?rest_route=%2Fwp%2Fv2%2Fmedia&parent=40"}],"curies":[{"name":"wp","href":"https:\/\/api.w.org\/{rel}","templated":true}]}}