{"id":43,"date":"2020-05-19T10:47:47","date_gmt":"2020-05-19T10:47:47","guid":{"rendered":"http:\/\/peterteuschl.at\/?page_id=43"},"modified":"2020-06-17T16:02:17","modified_gmt":"2020-06-17T16:02:17","slug":"referenzen","status":"publish","type":"page","link":"https:\/\/peterteuschl.at\/?page_id=43","title":{"rendered":"REFERENZEN"},"content":{"rendered":"\n<p>Anbei darf ich Ihnen eine \u00dcbersicht \u00fcber meine Erfahrungen und Referenzen im Event Bereich aufz\u00e4hlen:<\/p>\n\n\n\n<ul class=\"wp-block-list\"><li>\u00fcber 30 Jahre im Eventbereich t\u00e4tig<\/li><li>\u00fcber 20 Jahren bei stadt wien marketing gmbh<br>(Aufbau &amp; Positionierung der Marke \u201eBewegung findet Stadt\u201c, Sport Stars Gala u.v.m.)<\/li><li>unz\u00e4hlige Events im Sport- und Jugendbereich (Jugendcircuits, Turnierabwicklung, Logistik, Aufbau, Abwicklung, Marketing Konzeption etc.)<\/li><li>Internationale Events (Davis Cup, EURO 2008)<\/li><li>Umsetzung Schwerpunkt Jahres Themen (Jahr der Frauen, Jahr der Menschen mit besonderen Bed\u00fcrfnissen, Fu\u00dfball etc.)<\/li><\/ul>\n\n\n\n<figure class=\"wp-block-image size-large\"><img loading=\"lazy\" decoding=\"async\" width=\"1024\" height=\"556\" src=\"http:\/\/peterteuschl.at\/wp-content\/uploads\/2020\/06\/feast-1335388_1920-1024x556.jpg\" alt=\"\" class=\"wp-image-149\" srcset=\"https:\/\/peterteuschl.at\/wp-content\/uploads\/2020\/06\/feast-1335388_1920-1024x556.jpg 1024w, https:\/\/peterteuschl.at\/wp-content\/uploads\/2020\/06\/feast-1335388_1920-300x163.jpg 300w, https:\/\/peterteuschl.at\/wp-content\/uploads\/2020\/06\/feast-1335388_1920-768x417.jpg 768w, https:\/\/peterteuschl.at\/wp-content\/uploads\/2020\/06\/feast-1335388_1920-1536x834.jpg 1536w, https:\/\/peterteuschl.at\/wp-content\/uploads\/2020\/06\/feast-1335388_1920-1140x619.jpg 1140w, https:\/\/peterteuschl.at\/wp-content\/uploads\/2020\/06\/feast-1335388_1920.jpg 1920w\" sizes=\"auto, (max-width: 1024px) 100vw, 1024px\" \/><\/figure>\n","protected":false},"excerpt":{"rendered":"<p>Anbei darf ich Ihnen eine \u00dcbersicht \u00fcber meine Erfahrungen und Referenzen im Event Bereich aufz\u00e4hlen: \u00fcber 30 Jahre im Eventbereich t\u00e4tig \u00fcber 20 Jahren bei stadt wien marketing gmbh(Aufbau &amp; Positionierung der Marke \u201eBewegung findet Stadt\u201c, Sport Stars Gala u.v.m.) unz\u00e4hlige Events im Sport- und Jugendbereich (Jugendcircuits, Turnierabwicklung, Logistik, Aufbau, Abwicklung, Marketing Konzeption etc.) Internationale Events (Davis Cup, EURO 2008) Umsetzung Schwerpunkt Jahres Themen (Jahr der Frauen, Jahr der Menschen mit besonderen Bed\u00fcrfnissen, Fu\u00dfball etc.)<\/p>\n","protected":false},"author":1,"featured_media":0,"parent":0,"menu_order":0,"comment_status":"closed","ping_status":"closed","template":"","meta":{"footnotes":""},"class_list":["post-43","page","type-page","status-publish","hentry"],"jetpack_sharing_enabled":true,"_links":{"self":[{"href":"https:\/\/peterteuschl.at\/index.php?rest_route=\/wp\/v2\/pages\/43","targetHints":{"allow":["GET"]}}],"collection":[{"href":"https:\/\/peterteuschl.at\/index.php?rest_route=\/wp\/v2\/pages"}],"about":[{"href":"https:\/\/peterteuschl.at\/index.php?rest_route=\/wp\/v2\/types\/page"}],"author":[{"embeddable":true,"href":"https:\/\/peterteuschl.at\/index.php?rest_route=\/wp\/v2\/users\/1"}],"replies":[{"embeddable":true,"href":"https:\/\/peterteuschl.at\/index.php?rest_route=%2Fwp%2Fv2%2Fcomments&post=43"}],"version-history":[{"count":3,"href":"https:\/\/peterteuschl.at\/index.php?rest_route=\/wp\/v2\/pages\/43\/revisions"}],"predecessor-version":[{"id":218,"href":"https:\/\/peterteuschl.at\/index.php?rest_route=\/wp\/v2\/pages\/43\/revisions\/218"}],"wp:attachment":[{"href":"https:\/\/peterteuschl.at\/index.php?rest_route=%2Fwp%2Fv2%2Fmedia&parent=43"}],"curies":[{"name":"wp","href":"https:\/\/api.w.org\/{rel}","templated":true}]}}